{"id":27,"date":"2020-01-22T07:13:13","date_gmt":"2020-01-22T07:13:13","guid":{"rendered":"http:\/\/witosa.pl\/?page_id=27"},"modified":"2020-01-23T20:21:55","modified_gmt":"2020-01-23T20:21:55","slug":"dzien-dobry-z-witosa","status":"publish","type":"page","link":"https:\/\/witosa.pl\/","title":{"rendered":"dZIE\u0143 dOBRY Z wITOSA"},"content":{"rendered":"<p>jEDNI maj\u0105 <a href=\"http:\/\/www.osiedleprzywitosa.pl\">Osiedle Przy Witosa(Ko\u0142obrzeg)<\/a>\u00a0 , inni <a href=\"http:\/\/www.apartamentywitosa.pl\">Apartamenty Witosa<\/a>\u00a0<br \/>\u00a0 \u00a0 \u00a0 \u00a0 \u00a0 \u00a0mo\u017cesz te\u017c znale\u017a\u0107 nam bli\u017csz\u0105\u00a0 &#8221; Przychodnia Na Witosa&#8221;,<\/p>\n<p>\u00a0 \u00a0 \u00a0 \u00a0 \u00a0 \u00a0 \u00a0 \u00a0 \u00a0 \u00a0 \u00a0 \u00a0 \u00a0 \u00a0 \u00a0 \u00a0 \u00a0 \u00a0 \u00a0 \u00a0a my postanowili\u015bmy stworzy\u0107 <span style=\"text-decoration: underline;\"><strong><span style=\"color: #33c5ff; text-decoration: underline;\">wITOSA.pl<\/span><\/strong><\/span><\/p>\n<p>Niepoprawne miejsce w sieci , niepoprawne inter punkcyjnie czy gramatycznie &#8211; cELOWO, bo wyj\u0105tkowo.<\/p>\n<p>Chcemy skupia\u0107 si\u0119 na informacji i tym co ciekawe w tej <span style=\"text-decoration: underline;\">nieodkrytej dzielnicy Katowic<\/span>.<br \/>\u00a0Informowa\u0107 o rozwoju i o tym co w najbli\u017cszym czasie b\u0119dzie si\u0119 dzia\u0142o,<\/p>\n<p>\u00a0 \u00a0 \u00a0 \u00a0 \u00a0 \u00a0 \u00a0 \u00a0 \u00a0 \u00a0 \u00a0 \u00a0 \u00a0 \u00a0 \u00a0 \u00a0 \u00a0 \u00a0 \u00a0 \u00a0 oj, a z naszych obserwacji &#8211; <strong>b\u0118DZIE<\/strong>\u00a0 sie dzia\u0142o&#8230;<\/p>\n<p>\u00a0<\/p>\n<h4 style=\"text-align: center;\">jU\u017b niebawem ods\u0142onimy kulisy tej strony. Liczymy na Twoj\u0105 cierpliwo\u015b\u0107<\/h4>\n<hr \/>\n<h6 style=\"text-align: center;\"><em><strong>\u00a0oSIEDLE wITOSA<\/strong><\/em> &#8211; dzielnica wg danych <a href=\"http:\/\/(http:\/\/bo.katowice.eu\/JednostkiPomocnicze\/Strony\/os-Witosa.aspx)\" data-wplink-url-error=\"true\">urz\u0119du miasta z 2019 roku<\/a> w kt\u00f3rej zamieszkuje 12 215 os\u00f3b.<\/h6>\n\n\n<p><\/p>\n","protected":false},"excerpt":{"rendered":"<p>jEDNI maj\u0105 Osiedle Przy Witosa(Ko\u0142obrzeg)\u00a0 , inni Apartamenty Witosa\u00a0\u00a0 \u00a0 \u00a0 \u00a0 \u00a0 \u00a0mo\u017cesz te\u017c znale\u017a\u0107 nam bli\u017csz\u0105\u00a0 &#8221; Przychodnia Na Witosa&#8221;, \u00a0 \u00a0 \u00a0 \u00a0 \u00a0 \u00a0 \u00a0 \u00a0 \u00a0 \u00a0 \u00a0 \u00a0 \u00a0 \u00a0 \u00a0 \u00a0 \u00a0 \u00a0 \u00a0 \u00a0a my postanowili\u015bmy stworzy\u0107 wITOSA.pl Niepoprawne miejsce w sieci , niepoprawne inter punkcyjnie czy [&hellip;]<\/p>\n","protected":false},"author":1,"featured_media":0,"parent":0,"menu_order":0,"comment_status":"closed","ping_status":"closed","template":"","meta":{"ngg_post_thumbnail":0,"_mc_calendar":[]},"_links":{"self":[{"href":"https:\/\/witosa.pl\/index.php\/wp-json\/wp\/v2\/pages\/27"}],"collection":[{"href":"https:\/\/witosa.pl\/index.php\/wp-json\/wp\/v2\/pages"}],"about":[{"href":"https:\/\/witosa.pl\/index.php\/wp-json\/wp\/v2\/types\/page"}],"author":[{"embeddable":true,"href":"https:\/\/witosa.pl\/index.php\/wp-json\/wp\/v2\/users\/1"}],"replies":[{"embeddable":true,"href":"https:\/\/witosa.pl\/index.php\/wp-json\/wp\/v2\/comments?post=27"}],"version-history":[{"count":9,"href":"https:\/\/witosa.pl\/index.php\/wp-json\/wp\/v2\/pages\/27\/revisions"}],"predecessor-version":[{"id":43,"href":"https:\/\/witosa.pl\/index.php\/wp-json\/wp\/v2\/pages\/27\/revisions\/43"}],"wp:attachment":[{"href":"https:\/\/witosa.pl\/index.php\/wp-json\/wp\/v2\/media?parent=27"}],"curies":[{"name":"wp","href":"https:\/\/api.w.org\/{rel}","templated":true}]}}